{"id":85,"date":"2025-11-22T18:27:12","date_gmt":"2025-11-22T18:27:12","guid":{"rendered":"https:\/\/dianevernet.com\/?page_id=85"},"modified":"2026-03-30T17:57:44","modified_gmt":"2026-03-30T17:57:44","slug":"accueil","status":"publish","type":"page","link":"https:\/\/dianevernet.com\/","title":{"rendered":"Accueil"},"content":{"rendered":"\t\t<div data-elementor-type=\"wp-page\" data-elementor-id=\"85\" class=\"elementor elementor-85\">\n\t\t\t\t<div class=\"elementor-element elementor-element-9c51ce7 e-flex e-con-boxed e-con e-parent\" data-id=\"9c51ce7\" data-element_type=\"container\" data-e-type=\"container\" data-settings=\"{&quot;background_background&quot;:&quot;classic&quot;}\">\n\t\t\t\t\t<div class=\"e-con-inner\">\n\t\t<div class=\"elementor-element elementor-element-8de1d51 e-con-full e-flex e-con e-child\" data-id=\"8de1d51\" data-element_type=\"container\" data-e-type=\"container\">\n\t\t<div class=\"elementor-element elementor-element-49a04fe e-con-full e-flex e-con e-child\" data-id=\"49a04fe\" data-element_type=\"container\" data-e-type=\"container\">\n\t\t\t\t<div class=\"elementor-element elementor-element-beccf2a e-transform elementor-widget elementor-widget-image\" data-id=\"beccf2a\" data-element_type=\"widget\" data-e-type=\"widget\" data-settings=\"{&quot;_transform_scale_effect&quot;:{&quot;unit&quot;:&quot;px&quot;,&quot;size&quot;:1,&quot;sizes&quot;:[]},&quot;_transform_scale_effect_tablet&quot;:{&quot;unit&quot;:&quot;px&quot;,&quot;size&quot;:&quot;&quot;,&quot;sizes&quot;:[]},&quot;_transform_scale_effect_mobile&quot;:{&quot;unit&quot;:&quot;px&quot;,&quot;size&quot;:&quot;&quot;,&quot;sizes&quot;:[]}}\" data-widget_type=\"image.default\">\n\t\t\t\t\t\t\t\t\t\t\t\t\t\t\t<img fetchpriority=\"high\" decoding=\"async\" width=\"723\" height=\"1024\" src=\"https:\/\/dianevernet.com\/wp-content\/uploads\/2026\/01\/CoverHidden_Le-Pacte-723x1024.png\" class=\"attachment-large size-large wp-image-241\" alt=\"\" srcset=\"https:\/\/dianevernet.com\/wp-content\/uploads\/2026\/01\/CoverHidden_Le-Pacte-723x1024.png 723w, https:\/\/dianevernet.com\/wp-content\/uploads\/2026\/01\/CoverHidden_Le-Pacte-212x300.png 212w, https:\/\/dianevernet.com\/wp-content\/uploads\/2026\/01\/CoverHidden_Le-Pacte-768x1088.png 768w, https:\/\/dianevernet.com\/wp-content\/uploads\/2026\/01\/CoverHidden_Le-Pacte-1085x1536.png 1085w, https:\/\/dianevernet.com\/wp-content\/uploads\/2026\/01\/CoverHidden_Le-Pacte-1446x2048.png 1446w, https:\/\/dianevernet.com\/wp-content\/uploads\/2026\/01\/CoverHidden_Le-Pacte-scaled.png 1808w\" sizes=\"(max-width: 723px) 100vw, 723px\" \/>\t\t\t\t\t\t\t\t\t\t\t\t\t\t\t<\/div>\n\t\t\t\t<\/div>\n\t\t<div class=\"elementor-element elementor-element-e176424 e-con-full e-flex e-con e-child\" data-id=\"e176424\" data-element_type=\"container\" data-e-type=\"container\" data-settings=\"{&quot;background_background&quot;:&quot;classic&quot;}\">\n\t\t\t\t<div class=\"elementor-element elementor-element-ff5d055 elementor-widget elementor-widget-heading\" data-id=\"ff5d055\" data-element_type=\"widget\" data-e-type=\"widget\" data-widget_type=\"heading.default\">\n\t\t\t\t\t<h2 class=\"elementor-heading-title elementor-size-default\">Le Pacte<\/h2>\t\t\t\t<\/div>\n\t\t\t\t<div class=\"elementor-element elementor-element-a8917d5 elementor-widget elementor-widget-heading\" data-id=\"a8917d5\" data-element_type=\"widget\" data-e-type=\"widget\" data-widget_type=\"heading.default\">\n\t\t\t\t\t<h2 class=\"elementor-heading-title elementor-size-default\">Sortie en 2026<\/h2>\t\t\t\t<\/div>\n\t\t\t\t<div class=\"elementor-element elementor-element-49c287c elementor-widget elementor-widget-text-editor\" data-id=\"49c287c\" data-element_type=\"widget\" data-e-type=\"widget\" data-widget_type=\"text-editor.default\">\n\t\t\t\t\t\t\t\t\t<p><strong>Deux amants, une mal\u00e9diction, une seule solution\u00a0: un<\/strong><br \/><strong>bracelet\u00a0!<\/strong><\/p><p>\u00c0 Milan se cache la plus grande communaut\u00e9 de sorciers au monde. Am\u00e9lia et Syrius, deux amants, ont vu leur destin basculer lorsque le pacte qu\u2019ils avaient conclu a \u00e9t\u00e9 maudit, les condamnant \u00e0 vivre s\u00e9par\u00e9s.<\/p><p>Pendant qu\u2019il s\u2019enferme dans son travail et sa qu\u00eate de vengeance, Am\u00e9lia vit cach\u00e9e parmi les humains. Pour retrouver sa place dans le monde des sorciers, elle n\u2019a qu\u2019une solution : briser la mal\u00e9diction en d\u00e9robant le bracelet que Syrius est contraint de prot\u00e9ger au p\u00e9ril de sa vie. Mais la t\u00e2che est ardue. Les talents de Syrius, combin\u00e9s \u00e0 la puissante magie noire que lui fournit la mal\u00e9diction, ne lui laissent que peu de chances.<\/p><p>Nourrie par sa solitude et ses \u00e9checs r\u00e9p\u00e9t\u00e9s, Am\u00e9lia se d\u00e9sesp\u00e8re. Alors qu\u2019elle est au plus bas, elle rencontre Cassio, un humain qui semble li\u00e9 \u00e0 une sombre affaire\u2026<\/p><p><strong>Am\u00e9lia a beau refuser de voir la v\u00e9rit\u00e9, son pass\u00e9 est sur le point de la rattraper&#8230;<\/strong><\/p>\t\t\t\t\t\t\t\t<\/div>\n\t\t\t\t<\/div>\n\t\t\t\t<\/div>\n\t\t\t\t\t<\/div>\n\t\t\t\t<\/div>\n\t\t<div class=\"elementor-element elementor-element-b654a15 e-con-full e-flex e-con e-parent\" data-id=\"b654a15\" data-element_type=\"container\" data-e-type=\"container\" data-settings=\"{&quot;background_background&quot;:&quot;classic&quot;}\">\n\t\t<div class=\"elementor-element elementor-element-a90ae4e e-con-full e-flex e-con e-child\" data-id=\"a90ae4e\" data-element_type=\"container\" data-e-type=\"container\" data-settings=\"{&quot;background_background&quot;:&quot;classic&quot;}\">\n\t\t\t\t<div class=\"elementor-element elementor-element-d5721ab elementor-widget elementor-widget-image\" data-id=\"d5721ab\" data-element_type=\"widget\" data-e-type=\"widget\" data-widget_type=\"image.default\">\n\t\t\t\t\t\t\t\t\t\t\t\t\t\t\t<img decoding=\"async\" width=\"300\" height=\"300\" src=\"https:\/\/dianevernet.com\/wp-content\/uploads\/2026\/01\/LeCercleDencre_Logo2-300x300.png\" class=\"attachment-medium size-medium wp-image-245\" alt=\"\" srcset=\"https:\/\/dianevernet.com\/wp-content\/uploads\/2026\/01\/LeCercleDencre_Logo2-300x300.png 300w, https:\/\/dianevernet.com\/wp-content\/uploads\/2026\/01\/LeCercleDencre_Logo2-150x150.png 150w, https:\/\/dianevernet.com\/wp-content\/uploads\/2026\/01\/LeCercleDencre_Logo2-768x768.png 768w, https:\/\/dianevernet.com\/wp-content\/uploads\/2026\/01\/elementor\/thumbs\/LeCercleDencre_Logo2-rhxs5weye6rhsleq4cpu0ru8o8crlmi8vdb0taqhe0.png 500w, https:\/\/dianevernet.com\/wp-content\/uploads\/2026\/01\/LeCercleDencre_Logo2.png 1000w\" sizes=\"(max-width: 300px) 100vw, 300px\" \/>\t\t\t\t\t\t\t\t\t\t\t\t\t\t\t<\/div>\n\t\t\t\t<\/div>\n\t\t<div class=\"elementor-element elementor-element-9c581a3 e-con-full e-flex e-con e-child\" data-id=\"9c581a3\" data-element_type=\"container\" data-e-type=\"container\">\n\t\t\t\t<div class=\"elementor-element elementor-element-1e7549f elementor-widget elementor-widget-shortcode\" data-id=\"1e7549f\" data-element_type=\"widget\" data-e-type=\"widget\" data-widget_type=\"shortcode.default\">\n\t\t\t\t\t\t\t<div class=\"elementor-shortcode\">                <div class=\"ml-embedded\" data-form=\"dPMrGL\"><\/div>\n            <\/div>\n\t\t\t\t\t\t<\/div>\n\t\t\t\t<\/div>\n\t\t\t\t<\/div>\n\t\t<div class=\"elementor-element elementor-element-f802e16 e-flex e-con-boxed e-con e-parent\" data-id=\"f802e16\" data-element_type=\"container\" data-e-type=\"container\" data-settings=\"{&quot;background_background&quot;:&quot;classic&quot;}\">\n\t\t\t\t\t<div class=\"e-con-inner\">\n\t\t<div class=\"elementor-element elementor-element-09c8971 e-con-full e-flex e-con e-child\" data-id=\"09c8971\" data-element_type=\"container\" data-e-type=\"container\">\n\t\t\t\t<div class=\"elementor-element elementor-element-09aa627 elementor-widget elementor-widget-heading\" data-id=\"09aa627\" data-element_type=\"widget\" data-e-type=\"widget\" data-widget_type=\"heading.default\">\n\t\t\t\t\t<h2 class=\"elementor-heading-title elementor-size-default\">Informations sur l'autrice...<\/h2>\t\t\t\t<\/div>\n\t\t\t\t<div class=\"elementor-element elementor-element-8291dfb elementor-widget elementor-widget-button\" data-id=\"8291dfb\" data-element_type=\"widget\" data-e-type=\"widget\" data-widget_type=\"button.default\">\n\t\t\t\t\t\t\t\t\t\t<a class=\"elementor-button elementor-button-link elementor-size-sm\" href=\"https:\/\/dianevernet.com\/index.php\/a-propos\/\">\n\t\t\t\t\t\t<span class=\"elementor-button-content-wrapper\">\n\t\t\t\t\t\t\t\t\t<span class=\"elementor-button-text\">En savoir plus<\/span>\n\t\t\t\t\t<\/span>\n\t\t\t\t\t<\/a>\n\t\t\t\t\t\t\t\t<\/div>\n\t\t\t\t<div class=\"elementor-element elementor-element-6c86c99 elementor-widget elementor-widget-text-editor\" data-id=\"6c86c99\" data-element_type=\"widget\" data-e-type=\"widget\" data-widget_type=\"text-editor.default\">\n\t\t\t\t\t\t\t\t\t<p>Autrice de Fantasy et plus pr\u00e9cis\u00e9ment du sous genre de l&rsquo;Urban Fantasy, j&rsquo;aime r\u00e9inventer les cr\u00e9atures surnaturelles et leur donner une nouvelle l\u00e9gende.\u00a0<\/p><p>C&rsquo;est apr\u00e8s un d\u00eeplome d&rsquo;Artiste 3D, et quelques ann\u00e9es \u00e0 travailler dans le jeu vid\u00e9o que je trouve enfin le m\u00e9tier qui me comble chaque jour : Autrice. \u00a0<\/p>\t\t\t\t\t\t\t\t<\/div>\n\t\t\t\t<\/div>\n\t\t\t\t<div class=\"elementor-element elementor-element-9988d64 elementor-widget elementor-widget-image\" data-id=\"9988d64\" data-element_type=\"widget\" data-e-type=\"widget\" data-widget_type=\"image.default\">\n\t\t\t\t\t\t\t\t\t\t\t\t\t\t\t<img decoding=\"async\" src=\"https:\/\/dianevernet.com\/wp-content\/uploads\/elementor\/thumbs\/Profil_Insta-rkzlhq781xmwhhju65wu3kr1tivsh1zyvgzbtzsyts.png\" title=\"Profil_Insta\" alt=\"Profil_Insta\" loading=\"lazy\" \/>\t\t\t\t\t\t\t\t\t\t\t\t\t\t\t<\/div>\n\t\t\t\t\t<\/div>\n\t\t\t\t<\/div>\n\t\t<div class=\"elementor-element elementor-element-5607fc88 e-con-full e-flex e-con e-parent\" data-id=\"5607fc88\" data-element_type=\"container\" data-e-type=\"container\" data-settings=\"{&quot;background_background&quot;:&quot;classic&quot;}\">\n\t\t\t\t<div class=\"elementor-element elementor-element-3858420a e-transform elementor-widget elementor-widget-heading\" data-id=\"3858420a\" data-element_type=\"widget\" data-e-type=\"widget\" data-settings=\"{&quot;_transform_translateX_effect&quot;:{&quot;unit&quot;:&quot;px&quot;,&quot;size&quot;:0,&quot;sizes&quot;:[]},&quot;_transform_translateY_effect&quot;:{&quot;unit&quot;:&quot;px&quot;,&quot;size&quot;:37,&quot;sizes&quot;:[]},&quot;_transform_translateX_effect_tablet&quot;:{&quot;unit&quot;:&quot;px&quot;,&quot;size&quot;:&quot;&quot;,&quot;sizes&quot;:[]},&quot;_transform_translateX_effect_mobile&quot;:{&quot;unit&quot;:&quot;px&quot;,&quot;size&quot;:&quot;&quot;,&quot;sizes&quot;:[]},&quot;_transform_translateY_effect_tablet&quot;:{&quot;unit&quot;:&quot;px&quot;,&quot;size&quot;:&quot;&quot;,&quot;sizes&quot;:[]},&quot;_transform_translateY_effect_mobile&quot;:{&quot;unit&quot;:&quot;px&quot;,&quot;size&quot;:&quot;&quot;,&quot;sizes&quot;:[]}}\" data-widget_type=\"heading.default\">\n\t\t\t\t\t<h2 class=\"elementor-heading-title elementor-size-default\">Retrouvez-moi sur :<\/h2>\t\t\t\t<\/div>\n\t\t\t\t<div class=\"elementor-element elementor-element-307fab6f elementor-shape-circle elementor-grid-0 e-grid-align-center elementor-widget elementor-widget-social-icons\" data-id=\"307fab6f\" data-element_type=\"widget\" data-e-type=\"widget\" data-widget_type=\"social-icons.default\">\n\t\t\t\t\t\t\t<div class=\"elementor-social-icons-wrapper elementor-grid\" role=\"list\">\n\t\t\t\t\t\t\t<span class=\"elementor-grid-item\" role=\"listitem\">\n\t\t\t\t\t<a class=\"elementor-icon elementor-social-icon elementor-social-icon-facebook elementor-repeater-item-ac07908\" href=\"https:\/\/www.facebook.com\/profile.php?id=61583959384987\" target=\"_blank\">\n\t\t\t\t\t\t<span class=\"elementor-screen-only\">Facebook<\/span>\n\t\t\t\t\t\t<svg aria-hidden=\"true\" class=\"e-font-icon-svg e-fab-facebook\" viewBox=\"0 0 512 512\" xmlns=\"http:\/\/www.w3.org\/2000\/svg\"><path d=\"M504 256C504 119 393 8 256 8S8 119 8 256c0 123.78 90.69 226.38 209.25 245V327.69h-63V256h63v-54.64c0-62.15 37-96.48 93.67-96.48 27.14 0 55.52 4.84 55.52 4.84v61h-31.28c-30.8 0-40.41 19.12-40.41 38.73V256h68.78l-11 71.69h-57.78V501C413.31 482.38 504 379.78 504 256z\"><\/path><\/svg>\t\t\t\t\t<\/a>\n\t\t\t\t<\/span>\n\t\t\t\t\t\t\t<span class=\"elementor-grid-item\" role=\"listitem\">\n\t\t\t\t\t<a class=\"elementor-icon elementor-social-icon elementor-social-icon-instagram elementor-repeater-item-1eaf7c0\" href=\"https:\/\/www.instagram.com\/dianevernet_autrice\/\" target=\"_blank\">\n\t\t\t\t\t\t<span class=\"elementor-screen-only\">Instagram<\/span>\n\t\t\t\t\t\t<svg aria-hidden=\"true\" class=\"e-font-icon-svg e-fab-instagram\" viewBox=\"0 0 448 512\" xmlns=\"http:\/\/www.w3.org\/2000\/svg\"><path d=\"M224.1 141c-63.6 0-114.9 51.3-114.9 114.9s51.3 114.9 114.9 114.9S339 319.5 339 255.9 287.7 141 224.1 141zm0 189.6c-41.1 0-74.7-33.5-74.7-74.7s33.5-74.7 74.7-74.7 74.7 33.5 74.7 74.7-33.6 74.7-74.7 74.7zm146.4-194.3c0 14.9-12 26.8-26.8 26.8-14.9 0-26.8-12-26.8-26.8s12-26.8 26.8-26.8 26.8 12 26.8 26.8zm76.1 27.2c-1.7-35.9-9.9-67.7-36.2-93.9-26.2-26.2-58-34.4-93.9-36.2-37-2.1-147.9-2.1-184.9 0-35.8 1.7-67.6 9.9-93.9 36.1s-34.4 58-36.2 93.9c-2.1 37-2.1 147.9 0 184.9 1.7 35.9 9.9 67.7 36.2 93.9s58 34.4 93.9 36.2c37 2.1 147.9 2.1 184.9 0 35.9-1.7 67.7-9.9 93.9-36.2 26.2-26.2 34.4-58 36.2-93.9 2.1-37 2.1-147.8 0-184.8zM398.8 388c-7.8 19.6-22.9 34.7-42.6 42.6-29.5 11.7-99.5 9-132.1 9s-102.7 2.6-132.1-9c-19.6-7.8-34.7-22.9-42.6-42.6-11.7-29.5-9-99.5-9-132.1s-2.6-102.7 9-132.1c7.8-19.6 22.9-34.7 42.6-42.6 29.5-11.7 99.5-9 132.1-9s102.7-2.6 132.1 9c19.6 7.8 34.7 22.9 42.6 42.6 11.7 29.5 9 99.5 9 132.1s2.7 102.7-9 132.1z\"><\/path><\/svg>\t\t\t\t\t<\/a>\n\t\t\t\t<\/span>\n\t\t\t\t\t\t\t<span class=\"elementor-grid-item\" role=\"listitem\">\n\t\t\t\t\t<a class=\"elementor-icon elementor-social-icon elementor-social-icon-envelope elementor-repeater-item-f701354\" href=\"https:\/\/dianevernet.com\/index.php\/contact\/\" target=\"_blank\">\n\t\t\t\t\t\t<span class=\"elementor-screen-only\">Envelope<\/span>\n\t\t\t\t\t\t<svg aria-hidden=\"true\" class=\"e-font-icon-svg e-far-envelope\" viewBox=\"0 0 512 512\" xmlns=\"http:\/\/www.w3.org\/2000\/svg\"><path d=\"M464 64H48C21.49 64 0 85.49 0 112v288c0 26.51 21.49 48 48 48h416c26.51 0 48-21.49 48-48V112c0-26.51-21.49-48-48-48zm0 48v40.805c-22.422 18.259-58.168 46.651-134.587 106.49-16.841 13.247-50.201 45.072-73.413 44.701-23.208.375-56.579-31.459-73.413-44.701C106.18 199.465 70.425 171.067 48 152.805V112h416zM48 400V214.398c22.914 18.251 55.409 43.862 104.938 82.646 21.857 17.205 60.134 55.186 103.062 54.955 42.717.231 80.509-37.199 103.053-54.947 49.528-38.783 82.032-64.401 104.947-82.653V400H48z\"><\/path><\/svg>\t\t\t\t\t<\/a>\n\t\t\t\t<\/span>\n\t\t\t\t\t<\/div>\n\t\t\t\t\t\t<\/div>\n\t\t\t\t<\/div>\n\t\t\t\t<\/div>\n\t\t","protected":false},"excerpt":{"rendered":"<p>Le Pacte Sortie en 2026 Deux amants, une mal\u00e9diction, une seule solution\u00a0: unbracelet\u00a0! \u00c0 Milan se cache la plus grande [&hellip;]<\/p>\n","protected":false},"author":1,"featured_media":0,"parent":0,"menu_order":0,"comment_status":"closed","ping_status":"closed","template":"","meta":{"site-sidebar-layout":"no-sidebar","site-content-layout":"","ast-site-content-layout":"full-width-container","site-content-style":"default","site-sidebar-style":"default","ast-global-header-display":"","ast-banner-title-visibility":"","ast-main-header-display":"","ast-hfb-above-header-display":"","ast-hfb-below-header-display":"","ast-hfb-mobile-header-display":"","site-post-title":"disabled","ast-breadcrumbs-content":"","ast-featured-img":"disabled","footer-sml-layout":"","theme-transparent-header-meta":"","adv-header-id-meta":"","stick-header-meta":"","header-above-stick-meta":"","header-main-stick-meta":"","header-below-stick-meta":"","astra-migrate-meta-layouts":"default","ast-page-background-enabled":"default","ast-page-background-meta":{"desktop":{"background-color":"var(--ast-global-color-5)","background-image":"","background-repeat":"repeat","background-position":"center center","background-size":"auto","background-attachment":"scroll","background-type":"","background-media":"","overlay-type":"","overlay-color":"","overlay-opacity":"","overlay-gradient":""},"tablet":{"background-color":"","background-image":"","background-repeat":"repeat","background-position":"center center","background-size":"auto","background-attachment":"scroll","background-type":"","background-media":"","overlay-type":"","overlay-color":"","overlay-opacity":"","overlay-gradient":""},"mobile":{"background-color":"","background-image":"","background-repeat":"repeat","background-position":"center center","background-size":"auto","background-attachment":"scroll","background-type":"","background-media":"","overlay-type":"","overlay-color":"","overlay-opacity":"","overlay-gradient":""}},"ast-content-background-meta":{"desktop":{"background-color":"var(--ast-global-color-4)","background-image":"","background-repeat":"repeat","background-position":"center center","background-size":"auto","background-attachment":"scroll","background-type":"","background-media":"","overlay-type":"","overlay-color":"","overlay-opacity":"","overlay-gradient":""},"tablet":{"background-color":"var(--ast-global-color-4)","background-image":"","background-repeat":"repeat","background-position":"center center","background-size":"auto","background-attachment":"scroll","background-type":"","background-media":"","overlay-type":"","overlay-color":"","overlay-opacity":"","overlay-gradient":""},"mobile":{"background-color":"var(--ast-global-color-4)","background-image":"","background-repeat":"repeat","background-position":"center center","background-size":"auto","background-attachment":"scroll","background-type":"","background-media":"","overlay-type":"","overlay-color":"","overlay-opacity":"","overlay-gradient":""}},"footnotes":""},"class_list":["post-85","page","type-page","status-publish","hentry"],"yoast_head":"<!-- This site is optimized with the Yoast SEO plugin v27.4 - https:\/\/yoast.com\/product\/yoast-seo-wordpress\/ -->\n<title>Accueil - Diane Vernet<\/title>\n<meta name=\"robots\" content=\"index, follow, max-snippet:-1, max-image-preview:large, max-video-preview:-1\" \/>\n<link rel=\"canonical\" href=\"https:\/\/dianevernet.com\/\" \/>\n<meta property=\"og:locale\" content=\"fr_CA\" \/>\n<meta property=\"og:type\" content=\"article\" \/>\n<meta property=\"og:title\" content=\"Accueil - Diane Vernet\" \/>\n<meta property=\"og:description\" content=\"Le Pacte Sortie en 2026 Deux amants, une mal\u00e9diction, une seule solution\u00a0: unbracelet\u00a0! \u00c0 Milan se cache la plus grande [&hellip;]\" \/>\n<meta property=\"og:url\" content=\"https:\/\/dianevernet.com\/\" \/>\n<meta property=\"og:site_name\" content=\"Diane Vernet\" \/>\n<meta property=\"article:modified_time\" content=\"2026-03-30T17:57:44+00:00\" \/>\n<meta property=\"og:image\" content=\"https:\/\/dianevernet.com\/wp-content\/uploads\/2026\/01\/CoverHidden_Le-Pacte-scaled.png\" \/>\n\t<meta property=\"og:image:width\" content=\"1808\" \/>\n\t<meta property=\"og:image:height\" content=\"2560\" \/>\n\t<meta property=\"og:image:type\" content=\"image\/png\" \/>\n<meta name=\"twitter:card\" content=\"summary_large_image\" \/>\n<meta name=\"twitter:label1\" content=\"Estimation du temps de lecture\" \/>\n\t<meta name=\"twitter:data1\" content=\"2 minutes\" \/>\n<script type=\"application\/ld+json\" class=\"yoast-schema-graph\">{\"@context\":\"https:\\\/\\\/schema.org\",\"@graph\":[{\"@type\":\"WebPage\",\"@id\":\"https:\\\/\\\/dianevernet.com\\\/\",\"url\":\"https:\\\/\\\/dianevernet.com\\\/\",\"name\":\"Accueil - Diane Vernet\",\"isPartOf\":{\"@id\":\"https:\\\/\\\/dianevernet.com\\\/#website\"},\"primaryImageOfPage\":{\"@id\":\"https:\\\/\\\/dianevernet.com\\\/#primaryimage\"},\"image\":{\"@id\":\"https:\\\/\\\/dianevernet.com\\\/#primaryimage\"},\"thumbnailUrl\":\"https:\\\/\\\/dianevernet.com\\\/wp-content\\\/uploads\\\/2026\\\/01\\\/CoverHidden_Le-Pacte-723x1024.png\",\"datePublished\":\"2025-11-22T18:27:12+00:00\",\"dateModified\":\"2026-03-30T17:57:44+00:00\",\"breadcrumb\":{\"@id\":\"https:\\\/\\\/dianevernet.com\\\/#breadcrumb\"},\"inLanguage\":\"fr-CA\",\"potentialAction\":[{\"@type\":\"ReadAction\",\"target\":[\"https:\\\/\\\/dianevernet.com\\\/\"]}]},{\"@type\":\"ImageObject\",\"inLanguage\":\"fr-CA\",\"@id\":\"https:\\\/\\\/dianevernet.com\\\/#primaryimage\",\"url\":\"https:\\\/\\\/dianevernet.com\\\/wp-content\\\/uploads\\\/2026\\\/01\\\/CoverHidden_Le-Pacte-scaled.png\",\"contentUrl\":\"https:\\\/\\\/dianevernet.com\\\/wp-content\\\/uploads\\\/2026\\\/01\\\/CoverHidden_Le-Pacte-scaled.png\",\"width\":1808,\"height\":2560},{\"@type\":\"BreadcrumbList\",\"@id\":\"https:\\\/\\\/dianevernet.com\\\/#breadcrumb\",\"itemListElement\":[{\"@type\":\"ListItem\",\"position\":1,\"name\":\"Accueil\",\"item\":\"https:\\\/\\\/dianevernet.com\\\/\"},{\"@type\":\"ListItem\",\"position\":2,\"name\":\"Accueil\"}]},{\"@type\":\"WebSite\",\"@id\":\"https:\\\/\\\/dianevernet.com\\\/#website\",\"url\":\"https:\\\/\\\/dianevernet.com\\\/\",\"name\":\"Diane Vernet\",\"description\":\"De nouvelles l\u00e9gendes \u00e0 port\u00e9e de main\",\"potentialAction\":[{\"@type\":\"SearchAction\",\"target\":{\"@type\":\"EntryPoint\",\"urlTemplate\":\"https:\\\/\\\/dianevernet.com\\\/?s={search_term_string}\"},\"query-input\":{\"@type\":\"PropertyValueSpecification\",\"valueRequired\":true,\"valueName\":\"search_term_string\"}}],\"inLanguage\":\"fr-CA\"}]}<\/script>\n<!-- \/ Yoast SEO plugin. -->","yoast_head_json":{"title":"Accueil - Diane Vernet","robots":{"index":"index","follow":"follow","max-snippet":"max-snippet:-1","max-image-preview":"max-image-preview:large","max-video-preview":"max-video-preview:-1"},"canonical":"https:\/\/dianevernet.com\/","og_locale":"fr_CA","og_type":"article","og_title":"Accueil - Diane Vernet","og_description":"Le Pacte Sortie en 2026 Deux amants, une mal\u00e9diction, une seule solution\u00a0: unbracelet\u00a0! \u00c0 Milan se cache la plus grande [&hellip;]","og_url":"https:\/\/dianevernet.com\/","og_site_name":"Diane Vernet","article_modified_time":"2026-03-30T17:57:44+00:00","og_image":[{"width":1808,"height":2560,"url":"https:\/\/dianevernet.com\/wp-content\/uploads\/2026\/01\/CoverHidden_Le-Pacte-scaled.png","type":"image\/png"}],"twitter_card":"summary_large_image","twitter_misc":{"Estimation du temps de lecture":"2 minutes"},"schema":{"@context":"https:\/\/schema.org","@graph":[{"@type":"WebPage","@id":"https:\/\/dianevernet.com\/","url":"https:\/\/dianevernet.com\/","name":"Accueil - Diane Vernet","isPartOf":{"@id":"https:\/\/dianevernet.com\/#website"},"primaryImageOfPage":{"@id":"https:\/\/dianevernet.com\/#primaryimage"},"image":{"@id":"https:\/\/dianevernet.com\/#primaryimage"},"thumbnailUrl":"https:\/\/dianevernet.com\/wp-content\/uploads\/2026\/01\/CoverHidden_Le-Pacte-723x1024.png","datePublished":"2025-11-22T18:27:12+00:00","dateModified":"2026-03-30T17:57:44+00:00","breadcrumb":{"@id":"https:\/\/dianevernet.com\/#breadcrumb"},"inLanguage":"fr-CA","potentialAction":[{"@type":"ReadAction","target":["https:\/\/dianevernet.com\/"]}]},{"@type":"ImageObject","inLanguage":"fr-CA","@id":"https:\/\/dianevernet.com\/#primaryimage","url":"https:\/\/dianevernet.com\/wp-content\/uploads\/2026\/01\/CoverHidden_Le-Pacte-scaled.png","contentUrl":"https:\/\/dianevernet.com\/wp-content\/uploads\/2026\/01\/CoverHidden_Le-Pacte-scaled.png","width":1808,"height":2560},{"@type":"BreadcrumbList","@id":"https:\/\/dianevernet.com\/#breadcrumb","itemListElement":[{"@type":"ListItem","position":1,"name":"Accueil","item":"https:\/\/dianevernet.com\/"},{"@type":"ListItem","position":2,"name":"Accueil"}]},{"@type":"WebSite","@id":"https:\/\/dianevernet.com\/#website","url":"https:\/\/dianevernet.com\/","name":"Diane Vernet","description":"De nouvelles l\u00e9gendes \u00e0 port\u00e9e de main","potentialAction":[{"@type":"SearchAction","target":{"@type":"EntryPoint","urlTemplate":"https:\/\/dianevernet.com\/?s={search_term_string}"},"query-input":{"@type":"PropertyValueSpecification","valueRequired":true,"valueName":"search_term_string"}}],"inLanguage":"fr-CA"}]}},"_links":{"self":[{"href":"https:\/\/dianevernet.com\/index.php\/wp-json\/wp\/v2\/pages\/85","targetHints":{"allow":["GET"]}}],"collection":[{"href":"https:\/\/dianevernet.com\/index.php\/wp-json\/wp\/v2\/pages"}],"about":[{"href":"https:\/\/dianevernet.com\/index.php\/wp-json\/wp\/v2\/types\/page"}],"author":[{"embeddable":true,"href":"https:\/\/dianevernet.com\/index.php\/wp-json\/wp\/v2\/users\/1"}],"replies":[{"embeddable":true,"href":"https:\/\/dianevernet.com\/index.php\/wp-json\/wp\/v2\/comments?post=85"}],"version-history":[{"count":91,"href":"https:\/\/dianevernet.com\/index.php\/wp-json\/wp\/v2\/pages\/85\/revisions"}],"predecessor-version":[{"id":370,"href":"https:\/\/dianevernet.com\/index.php\/wp-json\/wp\/v2\/pages\/85\/revisions\/370"}],"wp:attachment":[{"href":"https:\/\/dianevernet.com\/index.php\/wp-json\/wp\/v2\/media?parent=85"}],"curies":[{"name":"wp","href":"https:\/\/api.w.org\/{rel}","templated":true}]}}